{"id":1251,"date":"2016-09-29T08:25:52","date_gmt":"2016-09-29T13:25:52","guid":{"rendered":"http:\/\/www.ldaottawa.com\/civi\/?page_id=1251"},"modified":"2016-09-29T08:25:52","modified_gmt":"2016-09-29T13:25:52","slug":"privacy-statement","status":"publish","type":"page","link":"https:\/\/www.ldaottawa.com\/civi\/privacy-statement\/","title":{"rendered":"Privacy Statement"},"content":{"rendered":"<p>We collect personal information from our members and program attendees in the regular course of doing business. This page answers some of your most frequently asked questions, and lets you know exactly how we&#8217;re protecting the information you entrust to us.<\/p>\n<h3>What personal information do you collect about me?<\/h3>\n<p>We collect the following information about you:<\/p>\n<ul>\n<li><strong>Name<\/strong><\/li>\n<li><strong>Address<\/strong><\/li>\n<li><strong>Postal Code<\/strong><\/li>\n<li><strong>Phone Number<\/strong><\/li>\n<li><strong>Email Address<\/strong><\/li>\n<li><strong>Payment card number<\/strong><\/li>\n<li><strong>Payment card expiry date<\/strong><\/li>\n<li><strong>Purchase history<\/strong><\/li>\n<li><strong>Child\u2019s date of Birth\/Age<\/strong><\/li>\n<li><strong>Child\u2019s gender<\/strong><\/li>\n<li><strong>Child\u2019s health\/medical information<\/strong><\/li>\n<\/ul>\n<p>When you visit our web site, we also collect:<\/p>\n<ul>\n<li>information about your computer, including your IP address, the type of operating system and browser you use, and your computer&#8217;s location<\/li>\n<li>what pages you visit on our site and what links you click on<\/li>\n<\/ul>\n<p>This information is stored as anonymous aggregate data<\/p>\n<h3>How do you use this information?<\/h3>\n<p>The main reasons we collect personal information from you are:<\/p>\n<ul>\n<li><strong>Event or program application forms<\/strong><\/li>\n<li><strong>To complete a financial transaction<\/strong><\/li>\n<li><strong>Child care<\/strong><\/li>\n<\/ul>\n<p>If it&#8217;s a necessary part of any of these transactions, we may disclose your information to another company. For example: during the course of registering or purchasing from the website your information may be shared with a financial institution to process the order. In the event of a medical emergency, a child\u2019s medical information will be shared with the relevant medical professionals, assuming appropriate parental permission has been received. Information may also be shared with LDAO counselors, and information may be visible to Web\/IT support personnel with appropriate security clearance.<\/p>\n<h3>Sharing of Personal Information with Third Parties<\/h3>\n<p>We do not share your personal information with any third parties, except where stated above.<\/p>\n<h2>Canadian Provincial Information and Privacy Commissioner Offices<\/h2>\n<p><strong>Alberta<\/strong><br \/>\nOffice of the Information and Privacy Commissioner of Alberta<br \/>\n410, 9925 &#8211; 109 Street, Edmonton, Alberta T5K 2J8<br \/>\nPhone: (780) 422-6860<br \/>\nToll Free: 1-888-878-4044<br \/>\nEmail:\u00a0<a href=\"mailto:generalinfo@oipc.ab.ca\">generalinfo@oipc.ab.ca<\/a><br \/>\nWeb Site:\u00a0<a href=\"http:\/\/www.oipc.ab.ca\/\">http:\/\/www.oipc.ab.ca<\/a><\/p>\n<p><strong>British Columbia<\/strong><br \/>\nOffice of the Information and Privacy Commissioner for British Columbia<br \/>\nP.O. Box 9038, Stn. Prov. Govt.<br \/>\n756 Fort Street, 3rd Floor<br \/>\nVictoria, British Columbia V8V 1X4<br \/>\nPhone: (250) 387-5629<br \/>\nToll-free: 1 (800) 663-7867 (free within B.C.)<br \/>\nEmail:\u00a0<a href=\"mailto:info@oipc.bc.ca\">info@oipc.bc.ca<\/a><br \/>\nWeb Site:\u00a0<a href=\"http:\/\/www.oipc.bc.ca\/\">http:\/\/www.oipc.bc.ca\/<\/a><\/p>\n<p><strong>New Brunswick<\/strong><br \/>\nOffice of the Ombudsman<br \/>\nSterling House<br \/>\nP. O. Box 6000<br \/>\n767 Brunswick Street<br \/>\nFredericton, NB E3B 5H1<br \/>\nPhone: (506) 453-2789<br \/>\nEmail:\u00a0<a href=\"mailto:nbombud@gnb.ca\">nbombud@gnb.ca<\/a><br \/>\nWeb Site:\u00a0<a href=\"http:\/\/www.gnb.ca\/0073\/index-e.asp\">http:\/\/www.gnb.ca\/0073\/index-e.asp<\/a><\/p>\n<p><strong>Newfoundland and Labrador<\/strong><br \/>\nOffice of the Information and Privacy Commissioner for Newfoundland and Labrador<br \/>\n2nd floor, 34 Pippy Place<br \/>\nP.O. Box 13004, Station A<br \/>\nSt. John&#8217;s, NL A1B 3V8<br \/>\nPhone: (709) 729-6309<br \/>\nEmail:\u00a0<a href=\"mailto:commissioner@oipc.nl.ca\">commissioner@oipc.nl.ca<\/a><br \/>\nWeb Site:\u00a0<a href=\"http:\/\/www.oipc.gov.nl.ca\/default.htm\">http:\/\/www.oipc.gov.nl.ca\/default.htm<\/a><\/p>\n<p><strong>Northwest Territories<\/strong><br \/>\nInformation and Privacy Commissioner of the Northwest Territories<br \/>\n5018, 47th street<br \/>\nYellowknife, Northwest Territories X1A 2N2<br \/>\nPhone: (867) 669-0976<br \/>\nFax: (867) 920-2511<br \/>\nEmail:\u00a0<a href=\"mailto:atippcomm@theedge.ca\">atippcomm@theedge.ca<\/a><\/p>\n<p><strong>Nova Scotia<\/strong><br \/>\nNova Scotia Freedom of Information and Privacy Review Office<br \/>\nP.O. Box 181<br \/>\nHalifax, Nova Scotia B3J 2M4<br \/>\nPhone: (902) 424-4684<br \/>\nEmail:\u00a0<a href=\"mailto:foipopro@gov.ns.ca\">foipopro@gov.ns.ca<\/a><br \/>\nWeb Site:\u00a0<a href=\"http:\/\/www.gov.ns.ca\/foiro\/\">http:\/\/www.gov.ns.ca\/foiro\/<\/a><\/p>\n<p><strong>Nunavut<\/strong><br \/>\nInformation and Privacy Commissioner of Nunavut<br \/>\n5018, 47th street<br \/>\nYellowknife, Northwest Territories X1A 2N2<br \/>\nPhone: (867) 669-0976<br \/>\nFax: (867) 920-2511<br \/>\nEmail:\u00a0<a href=\"mailto:atippcomm@theedge.ca\">atippcomm@theedge.ca<\/a><br \/>\nWeb Site:\u00a0<a href=\"http:\/\/www.info-privacy.nu.ca\/en\/home\">http:\/\/www.info-privacy.nu.ca\/en\/home<\/a><\/p>\n<p><strong>Ontario<\/strong><br \/>\nOffice of the Information and Privacy Commissioner of Ontario<br \/>\n2 Bloor Street East, Suite 1400<br \/>\nToronto, Ontario M4W 1A8<br \/>\nPhone: (416) 326-3333<br \/>\nToll-free: 1 (800) 387-0073 (free within Ontario)<br \/>\nEmail:\u00a0<a href=\"mailto:info@ipc.on.ca\">info@ipc.on.ca<\/a><br \/>\nWeb Site:\u00a0<a href=\"http:\/\/www.ipc.on.ca\/\">http:\/\/www.ipc.on.ca\/<\/a><\/p>\n<p><strong>Prince Edward Island<\/strong><br \/>\nOffice of the Information and Privacy Commissioner of Prince Edward Island<br \/>\n180 Richmond Street<br \/>\nP.O. Box 2000<br \/>\nCharlottetown, Prince Edward Island<br \/>\nC1A 7N8<br \/>\nTelephone: (902) 368-4099<br \/>\nEmail:\u00a0<a href=\"mailto:mlsmith@gov.pe.ca\">mlsmith@gov.pe.ca<\/a><br \/>\nWeb Site:\u00a0<a href=\"http:\/\/www.oipc.pe.ca\/\">www.oipc.pe.ca<\/a><\/p>\n<p><strong>Qu\u00e9bec<\/strong><br \/>\nCommission d&#8217;acc\u00e8s \u00e0 l&#8217;information du Qu\u00e9bec<br \/>\n575 St. Amable Street<br \/>\nSuite 1.10<br \/>\nQu\u00e9bec, Qu\u00e9bec G1R 2G4<br \/>\nPhone: (418) 528-7741<br \/>\nToll-free: 1 (888) 528-7741 (free within Qu\u00e9bec)<br \/>\nEmail:\u00a0<a href=\"mailto:Cai.Communications@cai.gouv.qc.ca\">Cai.Communications@cai.gouv.qc.ca<\/a><br \/>\nWeb Site:\u00a0<a href=\"http:\/\/www.cai.gouv.qc.ca\/index-en.html\">http:\/\/www.cai.gouv.qc.ca\/index-en.html<\/a><\/p>\n<p><strong>Saskatchewan<\/strong><br \/>\nOffice of the Information and Privacy Commissioner of Saskatchewan<br \/>\n503-1801 Hamilton Street<br \/>\nRegina, Saskatchewan<br \/>\nS4P 4B4<br \/>\nPhone: (306) 787-8350<br \/>\nEmail:\u00a0<a href=\"mailto:gdickson@oipc.sk.ca\">gdickson@oipc.sk.ca<\/a><br \/>\nWeb Site:\u00a0<a href=\"http:\/\/www.oipc.sk.ca\/\">http:\/\/www.oipc.sk.ca<\/a><\/p>\n<p><strong>Yukon<\/strong><br \/>\nOffice of the Yukon Ombudsman and Information and Privacy Commissioner<br \/>\n211 Hawkins Street, Suite 201<br \/>\nP.O. Box 2703<br \/>\nWhitehorse, Yukon Territory Y1A 2C6<br \/>\nPhone: (867) 667-8468<br \/>\nEmail:\u00a0<a href=\"mailto:email.ombudsman@ombudsman.yk.ca\">email.ombudsman@ombudsman.yk.ca<\/a><\/p>\n<p>&nbsp;<\/p>\n","protected":false},"excerpt":{"rendered":"<p>We collect personal information from our members and program attendees in the regular course of doing business. This page answers some of your most frequently asked questions, and lets you know exactly how we&#8217;re protecting the information you entrust to us. What personal information do you collect about me? We collect the following information about<a class=\"moretag\" href=\"https:\/\/www.ldaottawa.com\/civi\/privacy-statement\/\"><span class=\"screen-reader-text\">Read more about Privacy Statement<\/span>[&#8230;]<\/a><\/p>\n","protected":false},"author":1,"featured_media":0,"parent":0,"menu_order":0,"comment_status":"closed","ping_status":"closed","template":"","meta":{"footnotes":""},"class_list":["post-1251","page","type-page","status-publish","hentry"],"_links":{"self":[{"href":"https:\/\/www.ldaottawa.com\/civi\/wp-json\/wp\/v2\/pages\/1251","targetHints":{"allow":["GET"]}}],"collection":[{"href":"https:\/\/www.ldaottawa.com\/civi\/wp-json\/wp\/v2\/pages"}],"about":[{"href":"https:\/\/www.ldaottawa.com\/civi\/wp-json\/wp\/v2\/types\/page"}],"author":[{"embeddable":true,"href":"https:\/\/www.ldaottawa.com\/civi\/wp-json\/wp\/v2\/users\/1"}],"replies":[{"embeddable":true,"href":"https:\/\/www.ldaottawa.com\/civi\/wp-json\/wp\/v2\/comments?post=1251"}],"version-history":[{"count":2,"href":"https:\/\/www.ldaottawa.com\/civi\/wp-json\/wp\/v2\/pages\/1251\/revisions"}],"predecessor-version":[{"id":1253,"href":"https:\/\/www.ldaottawa.com\/civi\/wp-json\/wp\/v2\/pages\/1251\/revisions\/1253"}],"wp:attachment":[{"href":"https:\/\/www.ldaottawa.com\/civi\/wp-json\/wp\/v2\/media?parent=1251"}],"curies":[{"name":"wp","href":"https:\/\/api.w.org\/{rel}","templated":true}]}}